{"id":29,"date":"2020-01-16T12:50:05","date_gmt":"2020-01-16T12:50:05","guid":{"rendered":"https:\/\/inestakestheworld.com\/about\/"},"modified":"2021-02-25T12:14:48","modified_gmt":"2021-02-25T12:14:48","slug":"about-me","status":"publish","type":"page","link":"https:\/\/inestakestheworld.com\/pt\/about-me\/","title":{"rendered":"Sobre Mim"},"content":{"rendered":"<p class=\"has-text-align-left\">Ol\u00e1! O meu nome \u00e9 In\u00eas. Para come\u00e7ar, odeio falar sobre mim mas aqui vai. Sou portuguesa, nascida e criada em Lisboa, e estou sempre \u00e0 procura de uma nova aventura.<\/p>\n\n\n\n<p class=\"has-text-align-left\">Sempre amei fotografia mas costumava tirar fotos com o meu telem\u00f3vel. Bom, agora j\u00e1 n\u00e3o! Tirei um curso de fotografia no Instituto Portugu\u00eas de Fotografia, em Lisboa, e atualmente estou a tirar outro com o fot\u00f3grafo Gilmar Silva.  <\/p>\n\n\n\n<p class=\"has-text-align-left\">Sou uma rapariga de muitas paix\u00f5es. Estou aqui para partilhar com voc\u00eas a minha paix\u00e3o por fotografia combinada com a minha paix\u00e3o por viajar. O resultado? Podem encontrar os melhores guias dos meus lugares favoritos e tamb\u00e9m algumas dicas de fotografia. Espero que gostem e lembrem-se que a sec\u00e7\u00e3o de coment\u00e1rios \u00e9 toda vossa!<\/p>\n\n\n\n<p class=\"has-text-align-left\">Podem encontrar os meus contactos <a href=\"https:\/\/inestakestheworld.com\/pt\/work-with-me\/\">aqui.<\/a>J\u00e1 agora, podem dar uma espreitadela na minha vida no <a href=\"https:\/\/www.instagram.com\/inestakestheworld\/\">Instagram<\/a> para ver o que estou a fazer e onde estou e n\u00e3o se esque\u00e7am de subscrever o blog, se ainda n\u00e3o o fizeram.\u00a0 <\/p>\n\n\n\n<figure class=\"wp-block-embed is-type-video is-provider-youtube wp-block-embed-youtube wp-embed-aspect-16-9 wp-has-aspect-ratio\"><div class=\"wp-block-embed__wrapper\">\n<iframe title=\"Alright world, time to take you on\" width=\"1440\" height=\"810\" src=\"https:\/\/www.youtube.com\/embed\/6gFubV97wdk?feature=oembed\" frameborder=\"0\" allow=\"accelerometer; autoplay; clipboard-write; encrypted-media; gyroscope; picture-in-picture\" allowfullscreen><\/iframe>\n<\/div><\/figure>","protected":false},"excerpt":{"rendered":"<p>Hi! My name is In\u00eas. To start with, I hate to talk about myself but here it goes. I&#8217;m a portuguese girl, based in Lisbon, who is always looking for the next adventure. I&#8217;ve always&hellip;<\/p>","protected":false},"author":2,"featured_media":0,"parent":0,"menu_order":0,"comment_status":"closed","ping_status":"closed","template":"","meta":{"jetpack_post_was_ever_published":false,"footnotes":""},"class_list":["post-29","page","type-page","status-publish","hentry"],"yoast_head":"<!-- This site is optimized with the Yoast SEO plugin v27.4 - https:\/\/yoast.com\/product\/yoast-seo-wordpress\/ -->\n<title>About Me - In\u00eas Takes the World<\/title>\n<meta name=\"description\" content=\"About me: My name is In\u00eas. I&#039;m a portuguese girl who is always looking for the next adventure. I&#039;m here to share with you my travel adventures.\" \/>\n<meta name=\"robots\" content=\"index, follow, max-snippet:-1, max-image-preview:large, max-video-preview:-1\" \/>\n<link rel=\"canonical\" href=\"http:\/\/inestakestheworld.com\/pt\/about-me\/\" \/>\n<meta property=\"og:locale\" content=\"pt_PT\" \/>\n<meta property=\"og:type\" content=\"article\" \/>\n<meta property=\"og:title\" content=\"About Me - In\u00eas Takes the World\" \/>\n<meta property=\"og:description\" content=\"About me: My name is In\u00eas. I&#039;m a portuguese girl who is always looking for the next adventure. I&#039;m here to share with you my travel adventures.\" \/>\n<meta property=\"og:url\" content=\"http:\/\/inestakestheworld.com\/pt\/about-me\/\" \/>\n<meta property=\"og:site_name\" content=\"In\u00eas Takes the World\" \/>\n<meta property=\"article:modified_time\" content=\"2021-02-25T12:14:48+00:00\" \/>\n<meta name=\"twitter:card\" content=\"summary_large_image\" \/>\n<meta name=\"twitter:label1\" content=\"Tempo estimado de leitura\" \/>\n\t<meta name=\"twitter:data1\" content=\"1 minuto\" \/>\n<script type=\"application\/ld+json\" class=\"yoast-schema-graph\">{\"@context\":\"https:\\\/\\\/schema.org\",\"@graph\":[{\"@type\":\"WebPage\",\"@id\":\"http:\\\/\\\/inestakestheworld.com\\\/pt\\\/about-me\\\/\",\"url\":\"http:\\\/\\\/inestakestheworld.com\\\/pt\\\/about-me\\\/\",\"name\":\"About Me - In\u00eas Takes the World\",\"isPartOf\":{\"@id\":\"https:\\\/\\\/inestakestheworld.com\\\/#website\"},\"datePublished\":\"2020-01-16T12:50:05+00:00\",\"dateModified\":\"2021-02-25T12:14:48+00:00\",\"description\":\"About me: My name is In\u00eas. I'm a portuguese girl who is always looking for the next adventure. I'm here to share with you my travel adventures.\",\"breadcrumb\":{\"@id\":\"http:\\\/\\\/inestakestheworld.com\\\/pt\\\/about-me\\\/#breadcrumb\"},\"inLanguage\":\"pt-PT\",\"potentialAction\":[{\"@type\":\"ReadAction\",\"target\":[\"http:\\\/\\\/inestakestheworld.com\\\/pt\\\/about-me\\\/\"]}]},{\"@type\":\"BreadcrumbList\",\"@id\":\"http:\\\/\\\/inestakestheworld.com\\\/pt\\\/about-me\\\/#breadcrumb\",\"itemListElement\":[{\"@type\":\"ListItem\",\"position\":1,\"name\":\"Home\",\"item\":\"https:\\\/\\\/inestakestheworld.com\\\/\"},{\"@type\":\"ListItem\",\"position\":2,\"name\":\"About Me\"}]},{\"@type\":\"WebSite\",\"@id\":\"https:\\\/\\\/inestakestheworld.com\\\/#website\",\"url\":\"https:\\\/\\\/inestakestheworld.com\\\/\",\"name\":\"Ines Takes the World\",\"description\":\"Portuguese girl based in Lisbon. Dreamer. Travel, photography and fashion lover.\",\"publisher\":{\"@id\":\"https:\\\/\\\/inestakestheworld.com\\\/#\\\/schema\\\/person\\\/0a583cb0a9cf238712d868641bce4eb2\"},\"potentialAction\":[{\"@type\":\"SearchAction\",\"target\":{\"@type\":\"EntryPoint\",\"urlTemplate\":\"https:\\\/\\\/inestakestheworld.com\\\/?s={search_term_string}\"},\"query-input\":{\"@type\":\"PropertyValueSpecification\",\"valueRequired\":true,\"valueName\":\"search_term_string\"}}],\"inLanguage\":\"pt-PT\"},{\"@type\":[\"Person\",\"Organization\"],\"@id\":\"https:\\\/\\\/inestakestheworld.com\\\/#\\\/schema\\\/person\\\/0a583cb0a9cf238712d868641bce4eb2\",\"name\":\"In\u00easTakestheWorld\",\"image\":{\"@type\":\"ImageObject\",\"inLanguage\":\"pt-PT\",\"@id\":\"https:\\\/\\\/secure.gravatar.com\\\/avatar\\\/46723a8f4dc124fae530b94ddf13048f0753add57d89590b44fbbe86b3306060?s=96&d=mm&r=g\",\"url\":\"https:\\\/\\\/secure.gravatar.com\\\/avatar\\\/46723a8f4dc124fae530b94ddf13048f0753add57d89590b44fbbe86b3306060?s=96&d=mm&r=g\",\"contentUrl\":\"https:\\\/\\\/secure.gravatar.com\\\/avatar\\\/46723a8f4dc124fae530b94ddf13048f0753add57d89590b44fbbe86b3306060?s=96&d=mm&r=g\",\"caption\":\"In\u00easTakestheWorld\"},\"logo\":{\"@id\":\"https:\\\/\\\/secure.gravatar.com\\\/avatar\\\/46723a8f4dc124fae530b94ddf13048f0753add57d89590b44fbbe86b3306060?s=96&d=mm&r=g\"},\"sameAs\":[\"https:\\\/\\\/inestakestheworld.com\\\/\",\"inestakestheworld\",\"https:\\\/\\\/www.pinterest.pt\\\/inestakestheworld\\\/_created\\\/\"]}]}<\/script>\n<!-- \/ Yoast SEO plugin. -->","yoast_head_json":{"title":"About Me - In\u00eas Takes the World","description":"About me: My name is In\u00eas. I'm a portuguese girl who is always looking for the next adventure. I'm here to share with you my travel adventures.","robots":{"index":"index","follow":"follow","max-snippet":"max-snippet:-1","max-image-preview":"max-image-preview:large","max-video-preview":"max-video-preview:-1"},"canonical":"http:\/\/inestakestheworld.com\/pt\/about-me\/","og_locale":"pt_PT","og_type":"article","og_title":"About Me - In\u00eas Takes the World","og_description":"About me: My name is In\u00eas. I'm a portuguese girl who is always looking for the next adventure. I'm here to share with you my travel adventures.","og_url":"http:\/\/inestakestheworld.com\/pt\/about-me\/","og_site_name":"In\u00eas Takes the World","article_modified_time":"2021-02-25T12:14:48+00:00","twitter_card":"summary_large_image","twitter_misc":{"Tempo estimado de leitura":"1 minuto"},"schema":{"@context":"https:\/\/schema.org","@graph":[{"@type":"WebPage","@id":"http:\/\/inestakestheworld.com\/pt\/about-me\/","url":"http:\/\/inestakestheworld.com\/pt\/about-me\/","name":"About Me - In\u00eas Takes the World","isPartOf":{"@id":"https:\/\/inestakestheworld.com\/#website"},"datePublished":"2020-01-16T12:50:05+00:00","dateModified":"2021-02-25T12:14:48+00:00","description":"About me: My name is In\u00eas. I'm a portuguese girl who is always looking for the next adventure. I'm here to share with you my travel adventures.","breadcrumb":{"@id":"http:\/\/inestakestheworld.com\/pt\/about-me\/#breadcrumb"},"inLanguage":"pt-PT","potentialAction":[{"@type":"ReadAction","target":["http:\/\/inestakestheworld.com\/pt\/about-me\/"]}]},{"@type":"BreadcrumbList","@id":"http:\/\/inestakestheworld.com\/pt\/about-me\/#breadcrumb","itemListElement":[{"@type":"ListItem","position":1,"name":"Home","item":"https:\/\/inestakestheworld.com\/"},{"@type":"ListItem","position":2,"name":"About Me"}]},{"@type":"WebSite","@id":"https:\/\/inestakestheworld.com\/#website","url":"https:\/\/inestakestheworld.com\/","name":"Ines Takes the World","description":"Portuguesa, nascida e criada em Lisboa. Sonhadora incur\u00e1vel. Apaixonada por viagens, fotografia e moda.","publisher":{"@id":"https:\/\/inestakestheworld.com\/#\/schema\/person\/0a583cb0a9cf238712d868641bce4eb2"},"potentialAction":[{"@type":"SearchAction","target":{"@type":"EntryPoint","urlTemplate":"https:\/\/inestakestheworld.com\/?s={search_term_string}"},"query-input":{"@type":"PropertyValueSpecification","valueRequired":true,"valueName":"search_term_string"}}],"inLanguage":"pt-PT"},{"@type":["Person","Organization"],"@id":"https:\/\/inestakestheworld.com\/#\/schema\/person\/0a583cb0a9cf238712d868641bce4eb2","name":"In\u00easTakestheWorld","image":{"@type":"ImageObject","inLanguage":"pt-PT","@id":"https:\/\/secure.gravatar.com\/avatar\/46723a8f4dc124fae530b94ddf13048f0753add57d89590b44fbbe86b3306060?s=96&d=mm&r=g","url":"https:\/\/secure.gravatar.com\/avatar\/46723a8f4dc124fae530b94ddf13048f0753add57d89590b44fbbe86b3306060?s=96&d=mm&r=g","contentUrl":"https:\/\/secure.gravatar.com\/avatar\/46723a8f4dc124fae530b94ddf13048f0753add57d89590b44fbbe86b3306060?s=96&d=mm&r=g","caption":"In\u00easTakestheWorld"},"logo":{"@id":"https:\/\/secure.gravatar.com\/avatar\/46723a8f4dc124fae530b94ddf13048f0753add57d89590b44fbbe86b3306060?s=96&d=mm&r=g"},"sameAs":["https:\/\/inestakestheworld.com\/","inestakestheworld","https:\/\/www.pinterest.pt\/inestakestheworld\/_created\/"]}]}},"jetpack_sharing_enabled":true,"amp_enabled":true,"_links":{"self":[{"href":"https:\/\/inestakestheworld.com\/pt\/wp-json\/wp\/v2\/pages\/29","targetHints":{"allow":["GET"]}}],"collection":[{"href":"https:\/\/inestakestheworld.com\/pt\/wp-json\/wp\/v2\/pages"}],"about":[{"href":"https:\/\/inestakestheworld.com\/pt\/wp-json\/wp\/v2\/types\/page"}],"author":[{"embeddable":true,"href":"https:\/\/inestakestheworld.com\/pt\/wp-json\/wp\/v2\/users\/2"}],"replies":[{"embeddable":true,"href":"https:\/\/inestakestheworld.com\/pt\/wp-json\/wp\/v2\/comments?post=29"}],"version-history":[{"count":4,"href":"https:\/\/inestakestheworld.com\/pt\/wp-json\/wp\/v2\/pages\/29\/revisions"}],"predecessor-version":[{"id":3362,"href":"https:\/\/inestakestheworld.com\/pt\/wp-json\/wp\/v2\/pages\/29\/revisions\/3362"}],"wp:attachment":[{"href":"https:\/\/inestakestheworld.com\/pt\/wp-json\/wp\/v2\/media?parent=29"}],"curies":[{"name":"wp","href":"https:\/\/api.w.org\/{rel}","templated":true}]}}