{"id":30,"date":"2020-01-16T12:50:05","date_gmt":"2020-01-16T12:50:05","guid":{"rendered":"https:\/\/inestakestheworld.com\/contact\/"},"modified":"2020-11-27T17:50:53","modified_gmt":"2020-11-27T17:50:53","slug":"work-with-me","status":"publish","type":"page","link":"https:\/\/inestakestheworld.com\/pt\/work-with-me\/","title":{"rendered":"Trabalhar comigo"},"content":{"rendered":"<p class=\"has-text-align-left\">Queres trabalhar comigo? Tens alguma oferta especial? Tamb\u00e9m podes marcar sess\u00f5es fotogr\u00e1ficas em Lisboa comigo ou pedir-me um \u00e1lbum feito \u00e0 m\u00e3o com as tuas fotos. Entra em contacto comigo atrav\u00e9s do e-mail:  <\/p>\n\n\n\n<p class=\"has-text-align-center\">hello@inestakestheworld.com<\/p>\n\n\n\n<p class=\"has-text-align-left\">Para colabora\u00e7\u00f5es ou parcerias, preenche o formul\u00e1rio abaixo.<\/p>\n\n\n\n<p class=\"has-text-align-left\">Por favor, descreve detalhadamente o projeto e eu vou entrar em contacto assim que puder. Se preferires, podes entrar em contacto por e-mail.<\/p>\n\n\n\n<p class=\"has-text-align-left\">Sigam-me no<a href=\"https:\/\/www.instagram.com\/inestakestheworld\/\"> Instagram<\/a> para ver o que estou a fazer e onde estou e n\u00e3o te esque\u00e7as de subscrever o blog se ainda n\u00e3o o fizeste.\u00a0   <\/p>\n\n\n\n<div class=\"wpcf7 no-js\" id=\"wpcf7-f52-o1\" lang=\"pt-PT\" dir=\"ltr\" data-wpcf7-id=\"52\">\n<div class=\"screen-reader-response\"><p role=\"status\" aria-live=\"polite\" aria-atomic=\"true\"><\/p> <ul><\/ul><\/div>\n<form action=\"\/pt\/wp-json\/wp\/v2\/pages\/30#wpcf7-f52-o1\" method=\"post\" class=\"wpcf7-form init\" aria-label=\"Formul\u00e1rio de contacto\" novalidate=\"novalidate\" data-status=\"init\" data-trp-original-action=\"\/pt\/wp-json\/wp\/v2\/pages\/30#wpcf7-f52-o1\">\n<fieldset class=\"hidden-fields-container\"><input type=\"hidden\" name=\"_wpcf7\" value=\"52\" \/><input type=\"hidden\" name=\"_wpcf7_version\" value=\"6.1.5\" \/><input type=\"hidden\" name=\"_wpcf7_locale\" value=\"pt_PT\" \/><input type=\"hidden\" name=\"_wpcf7_unit_tag\" value=\"wpcf7-f52-o1\" \/><input type=\"hidden\" name=\"_wpcf7_container_post\" value=\"0\" \/><input type=\"hidden\" name=\"_wpcf7_posted_data_hash\" value=\"\" \/>\n<\/fieldset>\n<p><label> O teu nome (obrigat\u00f3rio)<br \/>\n<span class=\"wpcf7-form-control-wrap\" data-name=\"your-name\"><input size=\"40\" maxlength=\"400\" class=\"wpcf7-form-control wpcf7-text wpcf7-validates-as-required\" aria-required=\"true\" aria-invalid=\"false\" value=\"\" type=\"text\" name=\"your-name\" \/><\/span> <\/label>\n<\/p>\n<p><label> O teu e-mail (obrigat\u00f3rio)<br \/>\n<span class=\"wpcf7-form-control-wrap\" data-name=\"your-email\"><input size=\"40\" maxlength=\"400\" class=\"wpcf7-form-control wpcf7-email wpcf7-validates-as-required wpcf7-text wpcf7-validates-as-email\" aria-required=\"true\" aria-invalid=\"false\" value=\"\" type=\"email\" name=\"your-email\" \/><\/span> <\/label>\n<\/p>\n<p><label> Assunto<br \/>\n<span class=\"wpcf7-form-control-wrap\" data-name=\"your-subject\"><input size=\"40\" maxlength=\"400\" class=\"wpcf7-form-control wpcf7-text\" aria-invalid=\"false\" value=\"\" type=\"text\" name=\"your-subject\" \/><\/span> <\/label>\n<\/p>\n<p><label> Mensagem<br \/>\n<span class=\"wpcf7-form-control-wrap\" data-name=\"your-message\"><textarea cols=\"40\" rows=\"10\" maxlength=\"2000\" class=\"wpcf7-form-control wpcf7-textarea\" aria-invalid=\"false\" name=\"your-message\"><\/textarea><\/span> <\/label>\n<\/p>\n<p><input class=\"wpcf7-form-control wpcf7-submit has-spinner\" type=\"submit\" value=\"Enviar\" \/>\n<\/p><div class=\"wpcf7-response-output\" aria-hidden=\"true\"><\/div>\n<input type=\"hidden\" name=\"trp-form-language\" value=\"pt\"\/><\/form>\n<\/div>","protected":false},"excerpt":{"rendered":"<p>Do you want to work with me? Would you like to offer something special? Feel free to book your photoshoots around Lisbon with me or order a handmade scrapbook with your own photos through the&hellip;<\/p>","protected":false},"author":2,"featured_media":0,"parent":0,"menu_order":0,"comment_status":"closed","ping_status":"closed","template":"","meta":{"jetpack_post_was_ever_published":false,"footnotes":""},"class_list":["post-30","page","type-page","status-publish","hentry"],"yoast_head":"<!-- This site is optimized with the Yoast SEO plugin v27.4 - https:\/\/yoast.com\/product\/yoast-seo-wordpress\/ -->\n<title>Work with Me - In\u00eas Takes the World<\/title>\n<meta name=\"description\" content=\"Do you want to work with me? Please fill out the form below. If you\u2019d prefer, you can get in touch with me by email. Do you want to work with me?\" \/>\n<meta name=\"robots\" content=\"index, follow, max-snippet:-1, max-image-preview:large, max-video-preview:-1\" \/>\n<link rel=\"canonical\" href=\"http:\/\/inestakestheworld.com\/pt\/work-with-me\/\" \/>\n<meta property=\"og:locale\" content=\"pt_PT\" \/>\n<meta property=\"og:type\" content=\"article\" \/>\n<meta property=\"og:title\" content=\"Work with Me - In\u00eas Takes the World\" \/>\n<meta property=\"og:description\" content=\"Do you want to work with me? Please fill out the form below. If you\u2019d prefer, you can get in touch with me by email. Do you want to work with me?\" \/>\n<meta property=\"og:url\" content=\"http:\/\/inestakestheworld.com\/pt\/work-with-me\/\" \/>\n<meta property=\"og:site_name\" content=\"In\u00eas Takes the World\" \/>\n<meta property=\"article:modified_time\" content=\"2020-11-27T17:50:53+00:00\" \/>\n<meta name=\"twitter:card\" content=\"summary_large_image\" \/>\n<meta name=\"twitter:label1\" content=\"Tempo estimado de leitura\" \/>\n\t<meta name=\"twitter:data1\" content=\"1 minuto\" \/>\n<script type=\"application\/ld+json\" class=\"yoast-schema-graph\">{\"@context\":\"https:\\\/\\\/schema.org\",\"@graph\":[{\"@type\":\"WebPage\",\"@id\":\"http:\\\/\\\/inestakestheworld.com\\\/en\\\/work-with-me\\\/\",\"url\":\"http:\\\/\\\/inestakestheworld.com\\\/en\\\/work-with-me\\\/\",\"name\":\"Work with Me - In\u00eas Takes the World\",\"isPartOf\":{\"@id\":\"https:\\\/\\\/inestakestheworld.com\\\/#website\"},\"datePublished\":\"2020-01-16T12:50:05+00:00\",\"dateModified\":\"2020-11-27T17:50:53+00:00\",\"description\":\"Do you want to work with me? Please fill out the form below. If you\u2019d prefer, you can get in touch with me by email. Do you want to work with me?\",\"breadcrumb\":{\"@id\":\"http:\\\/\\\/inestakestheworld.com\\\/en\\\/work-with-me\\\/#breadcrumb\"},\"inLanguage\":\"pt-PT\",\"potentialAction\":[{\"@type\":\"ReadAction\",\"target\":[\"http:\\\/\\\/inestakestheworld.com\\\/en\\\/work-with-me\\\/\"]}]},{\"@type\":\"BreadcrumbList\",\"@id\":\"http:\\\/\\\/inestakestheworld.com\\\/en\\\/work-with-me\\\/#breadcrumb\",\"itemListElement\":[{\"@type\":\"ListItem\",\"position\":1,\"name\":\"Home\",\"item\":\"https:\\\/\\\/inestakestheworld.com\\\/\"},{\"@type\":\"ListItem\",\"position\":2,\"name\":\"Work with Me\"}]},{\"@type\":\"WebSite\",\"@id\":\"https:\\\/\\\/inestakestheworld.com\\\/#website\",\"url\":\"https:\\\/\\\/inestakestheworld.com\\\/\",\"name\":\"Ines Takes the World\",\"description\":\"Portuguese girl based in Lisbon. Dreamer. Travel, photography and fashion lover.\",\"publisher\":{\"@id\":\"https:\\\/\\\/inestakestheworld.com\\\/#\\\/schema\\\/person\\\/0a583cb0a9cf238712d868641bce4eb2\"},\"potentialAction\":[{\"@type\":\"SearchAction\",\"target\":{\"@type\":\"EntryPoint\",\"urlTemplate\":\"https:\\\/\\\/inestakestheworld.com\\\/?s={search_term_string}\"},\"query-input\":{\"@type\":\"PropertyValueSpecification\",\"valueRequired\":true,\"valueName\":\"search_term_string\"}}],\"inLanguage\":\"pt-PT\"},{\"@type\":[\"Person\",\"Organization\"],\"@id\":\"https:\\\/\\\/inestakestheworld.com\\\/#\\\/schema\\\/person\\\/0a583cb0a9cf238712d868641bce4eb2\",\"name\":\"In\u00easTakestheWorld\",\"image\":{\"@type\":\"ImageObject\",\"inLanguage\":\"pt-PT\",\"@id\":\"https:\\\/\\\/secure.gravatar.com\\\/avatar\\\/46723a8f4dc124fae530b94ddf13048f0753add57d89590b44fbbe86b3306060?s=96&d=mm&r=g\",\"url\":\"https:\\\/\\\/secure.gravatar.com\\\/avatar\\\/46723a8f4dc124fae530b94ddf13048f0753add57d89590b44fbbe86b3306060?s=96&d=mm&r=g\",\"contentUrl\":\"https:\\\/\\\/secure.gravatar.com\\\/avatar\\\/46723a8f4dc124fae530b94ddf13048f0753add57d89590b44fbbe86b3306060?s=96&d=mm&r=g\",\"caption\":\"In\u00easTakestheWorld\"},\"logo\":{\"@id\":\"https:\\\/\\\/secure.gravatar.com\\\/avatar\\\/46723a8f4dc124fae530b94ddf13048f0753add57d89590b44fbbe86b3306060?s=96&d=mm&r=g\"},\"sameAs\":[\"https:\\\/\\\/inestakestheworld.com\\\/\",\"inestakestheworld\",\"https:\\\/\\\/www.pinterest.pt\\\/inestakestheworld\\\/_created\\\/\"]}]}<\/script>\n<!-- \/ Yoast SEO plugin. -->","yoast_head_json":{"title":"Work with Me - In\u00eas Takes the World","description":"Do you want to work with me? Please fill out the form below. If you\u2019d prefer, you can get in touch with me by email. Do you want to work with me?","robots":{"index":"index","follow":"follow","max-snippet":"max-snippet:-1","max-image-preview":"max-image-preview:large","max-video-preview":"max-video-preview:-1"},"canonical":"http:\/\/inestakestheworld.com\/pt\/work-with-me\/","og_locale":"pt_PT","og_type":"article","og_title":"Work with Me - In\u00eas Takes the World","og_description":"Do you want to work with me? Please fill out the form below. If you\u2019d prefer, you can get in touch with me by email. Do you want to work with me?","og_url":"http:\/\/inestakestheworld.com\/pt\/work-with-me\/","og_site_name":"In\u00eas Takes the World","article_modified_time":"2020-11-27T17:50:53+00:00","twitter_card":"summary_large_image","twitter_misc":{"Tempo estimado de leitura":"1 minuto"},"schema":{"@context":"https:\/\/schema.org","@graph":[{"@type":"WebPage","@id":"http:\/\/inestakestheworld.com\/en\/work-with-me\/","url":"http:\/\/inestakestheworld.com\/en\/work-with-me\/","name":"Work with Me - In\u00eas Takes the World","isPartOf":{"@id":"https:\/\/inestakestheworld.com\/#website"},"datePublished":"2020-01-16T12:50:05+00:00","dateModified":"2020-11-27T17:50:53+00:00","description":"Do you want to work with me? Please fill out the form below. If you\u2019d prefer, you can get in touch with me by email. Do you want to work with me?","breadcrumb":{"@id":"http:\/\/inestakestheworld.com\/en\/work-with-me\/#breadcrumb"},"inLanguage":"pt-PT","potentialAction":[{"@type":"ReadAction","target":["http:\/\/inestakestheworld.com\/en\/work-with-me\/"]}]},{"@type":"BreadcrumbList","@id":"http:\/\/inestakestheworld.com\/en\/work-with-me\/#breadcrumb","itemListElement":[{"@type":"ListItem","position":1,"name":"Home","item":"https:\/\/inestakestheworld.com\/"},{"@type":"ListItem","position":2,"name":"Work with Me"}]},{"@type":"WebSite","@id":"https:\/\/inestakestheworld.com\/#website","url":"https:\/\/inestakestheworld.com\/","name":"Ines Takes the World","description":"Portuguesa, nascida e criada em Lisboa. Sonhadora incur\u00e1vel. Apaixonada por viagens, fotografia e moda.","publisher":{"@id":"https:\/\/inestakestheworld.com\/#\/schema\/person\/0a583cb0a9cf238712d868641bce4eb2"},"potentialAction":[{"@type":"SearchAction","target":{"@type":"EntryPoint","urlTemplate":"https:\/\/inestakestheworld.com\/?s={search_term_string}"},"query-input":{"@type":"PropertyValueSpecification","valueRequired":true,"valueName":"search_term_string"}}],"inLanguage":"pt-PT"},{"@type":["Person","Organization"],"@id":"https:\/\/inestakestheworld.com\/#\/schema\/person\/0a583cb0a9cf238712d868641bce4eb2","name":"In\u00easTakestheWorld","image":{"@type":"ImageObject","inLanguage":"pt-PT","@id":"https:\/\/secure.gravatar.com\/avatar\/46723a8f4dc124fae530b94ddf13048f0753add57d89590b44fbbe86b3306060?s=96&d=mm&r=g","url":"https:\/\/secure.gravatar.com\/avatar\/46723a8f4dc124fae530b94ddf13048f0753add57d89590b44fbbe86b3306060?s=96&d=mm&r=g","contentUrl":"https:\/\/secure.gravatar.com\/avatar\/46723a8f4dc124fae530b94ddf13048f0753add57d89590b44fbbe86b3306060?s=96&d=mm&r=g","caption":"In\u00easTakestheWorld"},"logo":{"@id":"https:\/\/secure.gravatar.com\/avatar\/46723a8f4dc124fae530b94ddf13048f0753add57d89590b44fbbe86b3306060?s=96&d=mm&r=g"},"sameAs":["https:\/\/inestakestheworld.com\/","inestakestheworld","https:\/\/www.pinterest.pt\/inestakestheworld\/_created\/"]}]}},"jetpack_sharing_enabled":true,"amp_enabled":true,"_links":{"self":[{"href":"https:\/\/inestakestheworld.com\/pt\/wp-json\/wp\/v2\/pages\/30","targetHints":{"allow":["GET"]}}],"collection":[{"href":"https:\/\/inestakestheworld.com\/pt\/wp-json\/wp\/v2\/pages"}],"about":[{"href":"https:\/\/inestakestheworld.com\/pt\/wp-json\/wp\/v2\/types\/page"}],"author":[{"embeddable":true,"href":"https:\/\/inestakestheworld.com\/pt\/wp-json\/wp\/v2\/users\/2"}],"replies":[{"embeddable":true,"href":"https:\/\/inestakestheworld.com\/pt\/wp-json\/wp\/v2\/comments?post=30"}],"version-history":[{"count":5,"href":"https:\/\/inestakestheworld.com\/pt\/wp-json\/wp\/v2\/pages\/30\/revisions"}],"predecessor-version":[{"id":3134,"href":"https:\/\/inestakestheworld.com\/pt\/wp-json\/wp\/v2\/pages\/30\/revisions\/3134"}],"wp:attachment":[{"href":"https:\/\/inestakestheworld.com\/pt\/wp-json\/wp\/v2\/media?parent=30"}],"curies":[{"name":"wp","href":"https:\/\/api.w.org\/{rel}","templated":true}]}}